{"id":743,"date":"2022-05-14T06:22:00","date_gmt":"2022-05-14T06:22:00","guid":{"rendered":"http:\/\/larephotographer.com\/?page_id=743"},"modified":"2022-05-14T16:08:03","modified_gmt":"2022-05-14T16:08:03","slug":"ensaio-fotografico","status":"publish","type":"page","link":"https:\/\/larephotographer.com\/?page_id=743","title":{"rendered":"Contact"},"content":{"rendered":"<p>[et_pb_section fb_built=&#8221;1&#8243; _builder_version=&#8221;4.16.0&#8243; _module_preset=&#8221;default&#8221; use_background_color_gradient=&#8221;on&#8221; background_color_gradient_direction=&#8221;191deg&#8221; background_color_gradient_stops=&#8221;#ffffff 8%|#d1fcf8 31%|#00b7ae 64%|#811ba3 96%&#8221; custom_margin=&#8221;||||false|false&#8221; custom_padding=&#8221;||||false|false&#8221; global_colors_info=&#8221;{}&#8221;][et_pb_row _builder_version=&#8221;4.16.0&#8243; _module_preset=&#8221;default&#8221; custom_margin=&#8221;|auto|-2px|auto||&#8221; global_colors_info=&#8221;{}&#8221;][et_pb_column type=&#8221;4_4&#8243; _builder_version=&#8221;4.16.0&#8243; _module_preset=&#8221;default&#8221; global_colors_info=&#8221;{}&#8221;][et_pb_blurb title=&#8221;Agende seu Ensaio Fotogr\u00e1fico&#8221; image=&#8221;https:\/\/larephotographer.com\/wp-content\/uploads\/2022\/05\/Email_Red_Icon_04.png&#8221; icon_placement=&#8221;left&#8221; image_icon_width=&#8221;171px&#8221; icon_placement_tablet=&#8221;left&#8221; icon_placement_phone=&#8221;top&#8221; icon_placement_last_edited=&#8221;on|desktop&#8221; image_icon_width_tablet=&#8221;171px&#8221; image_icon_width_phone=&#8221;81%&#8221; image_icon_width_last_edited=&#8221;on|desktop&#8221; _builder_version=&#8221;4.16.0&#8243; _module_preset=&#8221;default&#8221; header_font=&#8221;Arizonia|700|||||||&#8221; header_text_align=&#8221;center&#8221; header_text_color=&#8221;#811BA3&#8243; header_font_size=&#8221;51px&#8221; image_icon_custom_margin=&#8221;-30px||||false|false&#8221; image_icon_custom_padding=&#8221;||||false|false&#8221; text_orientation=&#8221;center&#8221; custom_padding=&#8221;||||false|false&#8221; header_font_size_tablet=&#8221;51px&#8221; header_font_size_phone=&#8221;41px&#8221; header_font_size_last_edited=&#8221;on|desktop&#8221; header_letter_spacing_tablet=&#8221;&#8221; header_letter_spacing_phone=&#8221;0px&#8221; header_letter_spacing_last_edited=&#8221;on|phone&#8221; header_line_height_tablet=&#8221;&#8221; header_line_height_phone=&#8221;1em&#8221; header_line_height_last_edited=&#8221;on|phone&#8221; custom_css_blurb_title=&#8221;||width: 600px;||&#8221; locked=&#8221;off&#8221; global_colors_info=&#8221;{}&#8221; custom_css_blurb_title_last_edited=&#8221;on|phone&#8221; custom_css_blurb_title_phone=&#8221;width: 100%&#8221; custom_css_blurb_title_tablet=&#8221;||width: 600px;||&#8221;]<\/p>\n<p>Gosto de observar a vida por outra perspectiva. Entre em contato comigo e eu eternizarei memorias e momentos com um olhar \u00fanico.<\/p>\n<p>[\/et_pb_blurb][\/et_pb_column][\/et_pb_row][et_pb_row column_structure=&#8221;1_2,1_2&#8243; use_custom_gutter=&#8221;on&#8221; make_equal=&#8221;on&#8221; _builder_version=&#8221;4.16.0&#8243; _module_preset=&#8221;default&#8221; background_color=&#8221;RGBA(255,255,255,0)&#8221; global_colors_info=&#8221;{}&#8221; custom_padding=&#8221;24px|||||&#8221;][et_pb_column type=&#8221;1_2&#8243; _builder_version=&#8221;4.16.0&#8243; _module_preset=&#8221;default&#8221; global_colors_info=&#8221;{}&#8221;][et_pb_text _builder_version=&#8221;4.16.0&#8243; _module_preset=&#8221;default&#8221; text_font=&#8221;Almarai||||||||&#8221; text_text_color=&#8221;#811BA3&#8243; text_font_size=&#8221;15px&#8221; text_letter_spacing_tablet=&#8221;&#8221; text_letter_spacing_phone=&#8221;-0.5px&#8221; text_letter_spacing_last_edited=&#8221;on|phone&#8221; text_orientation_tablet=&#8221;&#8221; text_orientation_phone=&#8221;center&#8221; text_orientation_last_edited=&#8221;on|phone&#8221; global_colors_info=&#8221;{}&#8221;]<\/p>\n<p>Por gentileza, deixe as suas informa\u00e7\u00f5es aqui.<\/p>\n<p>[\/et_pb_text][dipl_form_styler form_type=&#8221;contact_form_7&#8243; cf7_form_id=&#8221;722&#8243; input_text_color=&#8221;#7a7a7a&#8221; focus_input_text_color=&#8221;#811ba3&#8243; focus_placeholder_text_color=&#8221;#811BA3&#8243; input_bg_color=&#8221;#fff2f2&#8243; input_focus_bg_color=&#8221;#f5efff&#8221; input_custom_padding=&#8221;10px|8px|10px|8px|true|true&#8221; submit_custom_padding=&#8221;6px|10px|6px|10px|true|true&#8221; submit_bg_color=&#8221;#811BA3&#8243; _builder_version=&#8221;4.16.0&#8243; _module_preset=&#8221;default&#8221; label_font=&#8221;Almarai|600|||||||&#8221; label_text_color=&#8221;#811BA3&#8243; label_font_size=&#8221;17px&#8221; label_line_height=&#8221;1.3em&#8221; input_font=&#8221;Alatsi||||||||&#8221; input_font_size=&#8221;15px&#8221; placeholder_font=&#8221;Acme||||||||&#8221; submit_button_text_font=&#8221;Acme||||||||&#8221; submit_button_text_text_color=&#8221;#FFFFFF&#8221; submit_button_text_font_size=&#8221;18px&#8221; button_text_font=&#8221;Acme||||||||&#8221; background_color=&#8221;RGBA(255,255,255,0)&#8221; use_background_color_gradient=&#8221;on&#8221; background_color_gradient_stops=&#8221;rgba(255,50,238,0.16) 1%|rgba(249,229,255,0.34) 43%&#8221; text_orientation=&#8221;left&#8221; width=&#8221;100%&#8221; input_width=&#8221;100%&#8221; custom_margin=&#8221;-20px||||false|false&#8221; custom_padding=&#8221;10px|20px|10px|20px|false|true&#8221; border_radii=&#8221;on|10px|10px|10px|10px&#8221; border_radii_input=&#8221;on|3px|3px|3px|3px&#8221; border_width_all_input=&#8221;2px&#8221; border_color_all_input=&#8221;RGBA(255,255,255,0)&#8221; border_style_all_input=&#8221;outset&#8221; border_radii_submit_button=&#8221;on|9px|9px|9px|9px&#8221; border_width_all_submit_button=&#8221;2px&#8221; border_color_all_submit_button=&#8221;#aa16cc&#8221; global_colors_info=&#8221;{}&#8221; input_focus_bg_color__hover_enabled=&#8221;on|desktop&#8221; input_focus_bg_color__hover=&#8221;#f5efff&#8221;][\/dipl_form_styler][\/et_pb_column][et_pb_column type=&#8221;1_2&#8243; _builder_version=&#8221;4.16.0&#8243; _module_preset=&#8221;default&#8221; global_colors_info=&#8221;{}&#8221;][et_pb_image src=&#8221;https:\/\/larephotographer.com\/wp-content\/uploads\/2022\/05\/lare-photo-03.jpg&#8221; title_text=&#8221;lare-photo-03&#8243; _builder_version=&#8221;4.16.0&#8243; _module_preset=&#8221;default&#8221; max_width=&#8221;99%&#8221; module_alignment=&#8221;center&#8221; custom_margin=&#8221;32px||||false|false&#8221; custom_margin_tablet=&#8221;32px||||false|false&#8221; custom_margin_phone=&#8221;0px||||false|false&#8221; custom_margin_last_edited=&#8221;on|phone&#8221; hover_enabled=&#8221;0&#8243; border_radii=&#8221;on|10px|10px|10px|10px&#8221; global_colors_info=&#8221;{}&#8221; custom_css_before_last_edited=&#8221;on|phone&#8221; sticky_enabled=&#8221;0&#8243;][\/et_pb_image][\/et_pb_column][\/et_pb_row][\/et_pb_section]<\/p>\n","protected":false},"excerpt":{"rendered":"<p>Gosto de observar a vida por outra perspectiva. Entre em contato comigo e eu eternizarei memorias e momentos com um olhar \u00fanico.Por gentileza, deixe as suas informa\u00e7\u00f5es aqui.<div class=\"et_pb_module dipl_form_styler dipl_form_styler_0\">\n\t\t\t\t\n\t\t\t\t\n\t\t\t\t\n\t\t\t\t\n\t\t\t\t\n\t\t\t\t\n\t\t\t\t<div class=\"et_pb_module_inner\">\n\t\t\t\t\t\n\t\t\t\t<\/div>\n\t\t\t<\/div><\/p>\n","protected":false},"author":1,"featured_media":0,"parent":0,"menu_order":0,"comment_status":"closed","ping_status":"closed","template":"","meta":{"_et_pb_use_builder":"on","_et_pb_old_content":"","_et_gb_content_width":""},"difl_page_category":[],"_links":{"self":[{"href":"https:\/\/larephotographer.com\/index.php?rest_route=\/wp\/v2\/pages\/743"}],"collection":[{"href":"https:\/\/larephotographer.com\/index.php?rest_route=\/wp\/v2\/pages"}],"about":[{"href":"https:\/\/larephotographer.com\/index.php?rest_route=\/wp\/v2\/types\/page"}],"author":[{"embeddable":true,"href":"https:\/\/larephotographer.com\/index.php?rest_route=\/wp\/v2\/users\/1"}],"replies":[{"embeddable":true,"href":"https:\/\/larephotographer.com\/index.php?rest_route=%2Fwp%2Fv2%2Fcomments&post=743"}],"version-history":[{"count":5,"href":"https:\/\/larephotographer.com\/index.php?rest_route=\/wp\/v2\/pages\/743\/revisions"}],"predecessor-version":[{"id":840,"href":"https:\/\/larephotographer.com\/index.php?rest_route=\/wp\/v2\/pages\/743\/revisions\/840"}],"wp:attachment":[{"href":"https:\/\/larephotographer.com\/index.php?rest_route=%2Fwp%2Fv2%2Fmedia&parent=743"}],"wp:term":[{"taxonomy":"difl_page_category","embeddable":true,"href":"https:\/\/larephotographer.com\/index.php?rest_route=%2Fwp%2Fv2%2Fdifl_page_category&post=743"}],"curies":[{"name":"wp","href":"https:\/\/api.w.org\/{rel}","templated":true}]}}